{"id":37,"date":"2025-03-22T01:04:14","date_gmt":"2025-03-22T01:04:14","guid":{"rendered":"https:\/\/alphaaguacates.com\/?page_id=37"},"modified":"2025-03-22T01:04:14","modified_gmt":"2025-03-22T01:04:14","slug":"bienvenido","status":"publish","type":"page","link":"https:\/\/alphaaguacates.com\/","title":{"rendered":"Bienvenido"},"content":{"rendered":"\n<div class=\"wp-block-cover alignfull is-light\" style=\"padding-top:2%;min-height:60rem;aspect-ratio:unset;\"><span aria-hidden=\"true\" class=\"wp-block-cover__background has-background-dim-0 has-background-dim\" style=\"background-color:#a88b63\"><\/span><img loading=\"lazy\" decoding=\"async\" width=\"735\" height=\"490\" class=\"wp-block-cover__image-background wp-image-39\" alt=\"\" src=\"https:\/\/alphaaguacates.com\/wp-content\/uploads\/2025\/03\/Vigyazz-Ne-dobd-ki-az-avokado-magjat-Aranyat-er.jpg\" data-object-fit=\"cover\" srcset=\"https:\/\/alphaaguacates.com\/wp-content\/uploads\/2025\/03\/Vigyazz-Ne-dobd-ki-az-avokado-magjat-Aranyat-er.jpg 735w, https:\/\/alphaaguacates.com\/wp-content\/uploads\/2025\/03\/Vigyazz-Ne-dobd-ki-az-avokado-magjat-Aranyat-er-300x200.jpg 300w\" sizes=\"auto, (max-width: 735px) 100vw, 735px\" \/><div class=\"wp-block-cover__inner-container has-global-padding is-layout-constrained wp-container-core-cover-is-layout-1 wp-block-cover-is-layout-constrained\">\n<div class=\"wp-block-group alignwide is-vertical is-content-justification-center is-layout-flex wp-container-core-group-is-layout-4 wp-block-group-is-layout-flex\" style=\"min-height:35rem\">\n<div class=\"wp-block-group has-global-padding is-layout-constrained wp-container-core-group-is-layout-3 wp-block-group-is-layout-constrained\">\n<h3 class=\"wp-block-heading has-text-align-center has-text-color has-prata-regular-font-family\" style=\"color:#ffffff;margin-bottom:1rem;font-size:clamp(2.071rem, 2.071rem + ((1vw - 0.2rem) * 2.98), 3.71rem);font-style:normal;font-weight:400;line-height:1\">Alpha<\/h3>\n\n\n\n<h2 class=\"wp-block-heading has-text-align-center has-text-color has-prata-regular-font-family\" style=\"color:#ffffff;margin-top:0rem;margin-bottom:1.01rem;font-size:clamp(2.84rem, 2.84rem + ((1vw - 0.2rem) * 4.855), 5.51rem);font-style:normal;font-weight:400;line-height:1.1\">AGUACATES DE CALIDAD<\/h2>\n\n\n\n<div class=\"wp-block-group is-vertical is-content-justification-stretch is-layout-flex wp-container-core-group-is-layout-2 wp-block-group-is-layout-flex\" style=\"margin-top:0rem;padding-right:0px;padding-left:0px\">\n<div class=\"wp-block-group has-global-padding is-content-justification-center is-layout-constrained wp-container-core-group-is-layout-1 wp-block-group-is-layout-constrained\" style=\"margin-top:0px\">\n<div class=\"wp-block-buttons is-horizontal is-content-justification-right is-layout-flex wp-container-core-buttons-is-layout-1 wp-block-buttons-is-layout-flex\" style=\"margin-top:0.21rem\">\n<div class=\"wp-block-button has-custom-width wp-block-button__width-100 has-custom-font-size is-style-fill has-work-sans-regular-font-family\" style=\"font-size:clamp(0.875rem, 0.875rem + ((1vw - 0.2rem) * 0.609), 1.21rem);font-style:normal;font-weight:400;line-height:1;text-transform:capitalize\"><a class=\"wp-block-button__link has-text-color has-background has-border-color wp-element-button\" href=\"https:\/\/alphaaguacates.com\/?page_id=49&amp;preview=true\" style=\"border-color:#041d55;border-style:solid;border-width:1px;border-radius:2.5rem;color:#1e7d07;background-color:#ffffff;padding-top:1.1rem;padding-right:0.81rem;padding-bottom:1.1rem;padding-left:0.81rem\">sobre Nosotros<\/a><\/div>\n<\/div>\n<\/div>\n<\/div>\n<\/div>\n<\/div>\n<\/div><\/div>\n\n\n\n<section class=\"wp-block-group alignfull has-text-color has-background has-global-padding is-layout-constrained wp-container-core-group-is-layout-6 wp-block-group-is-layout-constrained\" style=\"color:#212121;background-color:#fafff0;margin-top:0rem;padding-right:1rem;padding-left:1rem;font-size:clamp(0.875rem, 0.875rem + ((1vw - 0.2rem) * 0.464), 1.13rem);font-style:normal;font-weight:400;line-height:1.5\">\n<div class=\"wp-block-group has-global-padding is-layout-constrained wp-container-core-group-is-layout-5 wp-block-group-is-layout-constrained\" style=\"padding-top:5.01rem;padding-bottom:4.01rem\">\n<div class=\"wp-block-columns is-not-stacked-on-mobile is-layout-flex wp-container-core-columns-is-layout-1 wp-block-columns-is-layout-flex\">\n<div class=\"wp-block-column has-global-padding is-layout-constrained wp-container-core-column-is-layout-1 wp-block-column-is-layout-constrained\" style=\"border-right-color:#93bd7b;border-right-width:2px;padding-right:1rem;padding-left:1rem\">\n<h6 class=\"wp-block-heading has-text-align-center has-text-color has-prata-regular-font-family\" style=\"color:#227d07;margin-bottom:0.51rem;font-size:clamp(1.517rem, 1.517rem + ((1vw - 0.2rem) * 1.842), 2.53rem);font-style:normal;font-weight:700;line-height:1.3;text-transform:capitalize\">35%<\/h6>\n\n\n\n<p class=\"has-text-align-center has-text-color has-work-sans-regular-font-family\" style=\"color:#212121;margin-top:0px;margin-bottom:1.77rem;font-size:clamp(0.875rem, 0.875rem + ((1vw - 0.2rem) * 0.064), 0.91rem);font-style:normal;font-weight:400;line-height:1.5\">El aguacate contiene un 35% m\u00e1s de potasio que los pl\u00e1tanos, esencial para la salud del coraz\u00f3n y la presi\u00f3n arterial.<\/p>\n<\/div>\n\n\n\n<div class=\"wp-block-column has-global-padding is-layout-constrained wp-container-core-column-is-layout-2 wp-block-column-is-layout-constrained\" style=\"border-right-color:#93bd7b;border-right-width:2px;padding-right:var(--wp--preset--spacing--30);padding-left:var(--wp--preset--spacing--30)\">\n<h6 class=\"wp-block-heading has-text-align-center has-text-color has-prata-regular-font-family\" style=\"color:#227d07;margin-bottom:0.51rem;font-size:clamp(1.517rem, 1.517rem + ((1vw - 0.2rem) * 1.842), 2.53rem);font-style:normal;font-weight:700;line-height:1.3;text-transform:capitalize\">10<\/h6>\n\n\n\n<p class=\"has-text-align-center has-text-color has-work-sans-regular-font-family\" style=\"color:#212121;margin-top:0px;margin-bottom:1.77rem;font-size:clamp(0.875rem, 0.875rem + ((1vw - 0.2rem) * 0.064), 0.91rem);font-style:normal;font-weight:400;line-height:1.5\">Con casi 10 gramos de fibra por aguacate, te sentir\u00e1s satisfecho por m\u00e1s tiempo y mejorar\u00e1s tu digesti\u00f3n.<\/p>\n<\/div>\n\n\n\n<div class=\"wp-block-column has-global-padding is-layout-constrained wp-container-core-column-is-layout-3 wp-block-column-is-layout-constrained\" style=\"padding-right:1rem;padding-left:1rem\">\n<h6 class=\"wp-block-heading has-text-align-center has-text-color has-prata-regular-font-family\" style=\"color:#227d07;margin-bottom:0.51rem;font-size:clamp(1.517rem, 1.517rem + ((1vw - 0.2rem) * 1.842), 2.53rem);font-style:normal;font-weight:700;line-height:1.3;text-transform:capitalize\">75%<\/h6>\n\n\n\n<p class=\"has-text-align-center has-text-color has-work-sans-regular-font-family\" style=\"color:#212121;margin-top:0px;margin-bottom:1.77rem;font-size:clamp(0.875rem, 0.875rem + ((1vw - 0.2rem) * 0.064), 0.91rem);font-style:normal;font-weight:400;line-height:1.5\">De las grasas del aguacate son monoinsaturadas, \u00a1las mejores para tu colesterol y tu coraz\u00f3n!<\/p>\n<\/div>\n<\/div>\n<\/div>\n<\/section>\n\n\n\n<div class=\"wp-block-group alignfull has-global-padding is-layout-constrained wp-container-core-group-is-layout-15 wp-block-group-is-layout-constrained\" style=\"margin-top:0;margin-bottom:0;padding-top:5.51rem;padding-right:1rem;padding-bottom:3rem;padding-left:1rem\">\n<div class=\"wp-block-group alignwide has-global-padding is-layout-constrained wp-block-group-is-layout-constrained\" style=\"padding-bottom:1rem\">\n<h2 class=\"wp-block-heading has-text-align-center has-text-color has-prata-regular-font-family\" style=\"color:#227d07;font-size:clamp(1.556rem, 1.556rem + ((1vw - 0.2rem) * 1.916), 2.61rem);font-style:normal;font-weight:700;line-height:1.5\">Nuestros Servicios<\/h2>\n<\/div>\n\n\n\n<div class=\"wp-block-group alignwide has-global-padding is-layout-constrained wp-container-core-group-is-layout-14 wp-block-group-is-layout-constrained\" style=\"margin-top:1.01rem\">\n<div class=\"wp-block-columns alignwide is-layout-flex wp-container-core-columns-is-layout-2 wp-block-columns-is-layout-flex\">\n<div class=\"wp-block-column has-global-padding is-content-justification-center is-layout-constrained wp-container-core-column-is-layout-4 wp-block-column-is-layout-constrained\" style=\"padding-bottom:2rem\">\n<div class=\"wp-block-group has-global-padding is-layout-constrained wp-container-core-group-is-layout-8 wp-block-group-is-layout-constrained\">\n<figure class=\"wp-block-image aligncenter size-full is-resized\"><img loading=\"lazy\" decoding=\"async\" width=\"736\" height=\"736\" src=\"https:\/\/alphaaguacates.com\/wp-content\/uploads\/2025\/03\/Palto-Hass.jpg\" alt=\"\" class=\"wp-image-34\" style=\"width:220px;height:auto\" srcset=\"https:\/\/alphaaguacates.com\/wp-content\/uploads\/2025\/03\/Palto-Hass.jpg 736w, https:\/\/alphaaguacates.com\/wp-content\/uploads\/2025\/03\/Palto-Hass-300x300.jpg 300w, https:\/\/alphaaguacates.com\/wp-content\/uploads\/2025\/03\/Palto-Hass-150x150.jpg 150w\" sizes=\"auto, (max-width: 736px) 100vw, 736px\" \/><\/figure>\n\n\n\n<h5 class=\"wp-block-heading has-text-align-center has-text-color has-prata-regular-font-family\" style=\"color:#227d07;font-size:clamp(1.044rem, 1.044rem + ((1vw - 0.2rem) * 1.029), 1.61rem);font-style:normal;font-weight:700;line-height:1.4;text-transform:none\">Producci\u00f3n<\/h5>\n<\/div>\n\n\n\n<div class=\"wp-block-group has-global-padding is-layout-constrained wp-container-core-group-is-layout-9 wp-block-group-is-layout-constrained\">\n<p class=\"has-text-align-center has-text-color has-work-sans-regular-font-family\" style=\"color:#252525;margin-top:0rem;font-size:clamp(0.875rem, 0.875rem + ((1vw - 0.2rem) * 0.064), 0.91rem);font-style:normal;font-weight:400;line-height:1.5\">Somos productores directos de aguacate con socios comerciales en el campo, garantizando calidad y suministro constante. Contamos con certificaci\u00f3n GlobalG.A.P., asegurando frescura, trazabilidad e inocuidad.<\/p>\n<\/div>\n<\/div>\n\n\n\n<div class=\"wp-block-column has-global-padding is-layout-constrained wp-container-core-column-is-layout-5 wp-block-column-is-layout-constrained\" style=\"padding-bottom:2rem\">\n<div class=\"wp-block-group has-global-padding is-layout-constrained wp-container-core-group-is-layout-10 wp-block-group-is-layout-constrained\">\n<figure class=\"wp-block-image aligncenter size-full\"><img loading=\"lazy\" decoding=\"async\" width=\"803\" height=\"588\" src=\"https:\/\/alphaaguacates.com\/wp-content\/uploads\/2025\/03\/IMG_0808.jpg\" alt=\"\" class=\"wp-image-40\" srcset=\"https:\/\/alphaaguacates.com\/wp-content\/uploads\/2025\/03\/IMG_0808.jpg 803w, https:\/\/alphaaguacates.com\/wp-content\/uploads\/2025\/03\/IMG_0808-300x220.jpg 300w, https:\/\/alphaaguacates.com\/wp-content\/uploads\/2025\/03\/IMG_0808-768x562.jpg 768w\" sizes=\"auto, (max-width: 803px) 100vw, 803px\" \/><\/figure>\n\n\n\n<h5 class=\"wp-block-heading has-text-align-center has-text-color has-prata-regular-font-family\" style=\"color:#227d07;font-size:clamp(1.044rem, 1.044rem + ((1vw - 0.2rem) * 1.029), 1.61rem);font-style:normal;font-weight:700;line-height:1.4;text-transform:none\">Empaque<\/h5>\n<\/div>\n\n\n\n<div class=\"wp-block-group has-global-padding is-layout-constrained wp-container-core-group-is-layout-11 wp-block-group-is-layout-constrained\">\n<p class=\"has-text-align-center has-text-color has-work-sans-regular-font-family\" style=\"color:#252525;margin-top:0rem;font-size:clamp(0.875rem, 0.875rem + ((1vw - 0.2rem) * 0.064), 0.91rem);font-style:normal;font-weight:400;line-height:1.5\">Empacamos con la m\u00e1s alta calidad, asegurando que cada aguacate cumpla con los est\u00e1ndares requeridos. Usamos materiales resistentes y un manejo cuidadoso para garantizar frescura y \u00f3ptimas condiciones.<\/p>\n<\/div>\n<\/div>\n\n\n\n<div class=\"wp-block-column has-global-padding is-content-justification-center is-layout-constrained wp-container-core-column-is-layout-6 wp-block-column-is-layout-constrained\" style=\"padding-bottom:2rem\">\n<div class=\"wp-block-group has-global-padding is-layout-constrained wp-container-core-group-is-layout-12 wp-block-group-is-layout-constrained\">\n<figure class=\"wp-block-image aligncenter size-full is-resized has-custom-border is-style-default\" style=\"margin-top:0;margin-right:0;margin-bottom:0;margin-left:0\"><img loading=\"lazy\" decoding=\"async\" width=\"736\" height=\"742\" src=\"https:\/\/alphaaguacates.com\/wp-content\/uploads\/2025\/03\/Aguacate-Hass.jpg\" alt=\"\" class=\"wp-image-35\" style=\"border-style:none;border-width:0px;border-radius:0px;width:233px;height:auto\" srcset=\"https:\/\/alphaaguacates.com\/wp-content\/uploads\/2025\/03\/Aguacate-Hass.jpg 736w, https:\/\/alphaaguacates.com\/wp-content\/uploads\/2025\/03\/Aguacate-Hass-298x300.jpg 298w, https:\/\/alphaaguacates.com\/wp-content\/uploads\/2025\/03\/Aguacate-Hass-150x150.jpg 150w\" sizes=\"auto, (max-width: 736px) 100vw, 736px\" \/><\/figure>\n\n\n\n<h5 class=\"wp-block-heading has-text-align-center has-text-color has-prata-regular-font-family\" style=\"color:#227d07;font-size:clamp(1.044rem, 1.044rem + ((1vw - 0.2rem) * 1.029), 1.61rem);font-style:normal;font-weight:700;line-height:1.4;text-transform:none\">Capacidad Instalada<\/h5>\n<\/div>\n\n\n\n<div class=\"wp-block-group has-global-padding is-layout-constrained wp-container-core-group-is-layout-13 wp-block-group-is-layout-constrained\">\n<p class=\"has-text-align-center has-text-color has-work-sans-regular-font-family\" style=\"color:#252525;margin-top:0rem;font-size:clamp(0.875rem, 0.875rem + ((1vw - 0.2rem) * 0.064), 0.91rem);font-style:normal;font-weight:400;line-height:1.5\">Mantenemos una cadena de fr\u00edo estricta en todo el proceso para preservar la frescura y calidad del aguacate. Desde la recepci\u00f3n hasta el transporte refrigerado, garantizamos una temperatura \u00f3ptima, prolongando su vida \u00fatil y asegurando su llegada en perfectas condiciones.<\/p>\n<\/div>\n<\/div>\n<\/div>\n<\/div>\n<\/div>\n\n\n\n<section class=\"wp-block-group alignfull has-text-color has-background has-global-padding is-layout-constrained wp-container-core-group-is-layout-19 wp-block-group-is-layout-constrained\" style=\"color:#03081e;background-color:#fafff0;margin-top:0px;padding-top:5.01rem;padding-right:1rem;padding-bottom:5.5rem;padding-left:1rem;font-size:clamp(0.875rem, 0.875rem + ((1vw - 0.2rem) * 0.464), 1.13rem);font-style:normal;font-weight:400;line-height:1.4\">\n<div class=\"wp-block-columns is-layout-flex wp-container-core-columns-is-layout-3 wp-block-columns-is-layout-flex\" style=\"margin-bottom:0px\">\n<div class=\"wp-block-column has-global-padding is-content-justification-left is-layout-constrained wp-container-core-column-is-layout-7 wp-block-column-is-layout-constrained\" style=\"flex-basis:45%\">\n<figure class=\"wp-block-image aligncenter size-full is-resized\"><img loading=\"lazy\" decoding=\"async\" width=\"419\" height=\"559\" src=\"https:\/\/alphaaguacates.com\/wp-content\/uploads\/2025\/03\/2.jpg\" alt=\"\" class=\"wp-image-30\" style=\"width:446px\" srcset=\"https:\/\/alphaaguacates.com\/wp-content\/uploads\/2025\/03\/2.jpg 419w, https:\/\/alphaaguacates.com\/wp-content\/uploads\/2025\/03\/2-225x300.jpg 225w\" sizes=\"auto, (max-width: 419px) 100vw, 419px\" \/><\/figure>\n<\/div>\n\n\n\n<div class=\"wp-block-column is-layout-flow wp-block-column-is-layout-flow\">\n<div class=\"wp-block-group is-vertical is-content-justification-left is-layout-flex wp-container-core-group-is-layout-18 wp-block-group-is-layout-flex\" style=\"min-height:100%\">\n<div class=\"wp-block-group has-global-padding is-content-justification-center is-layout-constrained wp-container-core-group-is-layout-17 wp-block-group-is-layout-constrained\">\n<h3 class=\"wp-block-heading has-text-align-left has-text-color has-prata-regular-font-family\" style=\"color:#227d07;margin-top:0.5rem;margin-bottom:1.01rem;font-size:clamp(1.556rem, 1.556rem + ((1vw - 0.2rem) * 1.916), 2.61rem);font-style:normal;font-weight:400;letter-spacing:0px;line-height:1.3\">\u00bfPor qu\u00e9 nosotros?<\/h3>\n\n\n\n<p class=\"has-text-align-left has-text-color has-work-sans-regular-font-family\" style=\"color:#03081e;margin-top:0rem;font-size:clamp(0.875rem, 0.875rem + ((1vw - 0.2rem) * 0.609), 1.21rem);font-style:normal;font-weight:400;line-height:1.6\">Somos productores directos, lo que nos permite garantizar calidad y frescura desde el origen. Contamos con un suministro constante gracias a nuestra red de socios comerciales, asegurando disponibilidad todo el a\u00f1o.<\/p>\n\n\n\n<p>Nuestra certificaci\u00f3n GlobalG.A.P. respalda el cumplimiento de est\u00e1ndares internacionales de inocuidad y buenas pr\u00e1cticas agr\u00edcolas. Utilizamos materiales de empaque resistentes y un manejo cuidadoso para que el producto llegue en perfectas condiciones.<\/p>\n\n\n\n<p>Mantenemos una cadena de fr\u00edo estricta en cada etapa del proceso, asegurando la m\u00e1xima frescura y prolongando la vida \u00fatil del aguacate. Adem\u00e1s, ofrecemos total transparencia en la trazabilidad del producto, garantizando confianza en cada entrega.<\/p>\n\n\n\n<p><\/p>\n\n\n\n<p class=\"has-text-align-left has-text-color has-work-sans-regular-font-family\" style=\"color:#03081e;margin-top:0rem;font-size:clamp(0.875rem, 0.875rem + ((1vw - 0.2rem) * 0.609), 1.21rem);font-style:normal;font-weight:400;line-height:1.6\">Elegirnos significa optar por calidad, compromiso y un suministro confiable.<\/p>\n\n\n\n<div class=\"wp-block-group has-global-padding is-content-justification-left is-layout-constrained wp-container-core-group-is-layout-16 wp-block-group-is-layout-constrained\" style=\"margin-top:0px\">\n<div class=\"wp-block-buttons is-horizontal is-content-justification-left is-layout-flex wp-container-core-buttons-is-layout-2 wp-block-buttons-is-layout-flex\" style=\"margin-top:2.51rem\">\n<div class=\"wp-block-button has-custom-width wp-block-button__width-100 has-custom-font-size is-style-fill has-work-sans-regular-font-family\" style=\"font-size:clamp(0.875rem, 0.875rem + ((1vw - 0.2rem) * 0.609), 1.21rem);font-style:normal;font-weight:400;line-height:1;text-transform:capitalize\"><a class=\"wp-block-button__link has-text-color has-background has-border-color wp-element-button\" style=\"border-color:#041d55;border-style:solid;border-width:1px;border-radius:2.5rem;color:#077d15;background-color:#ffffff;padding-top:1.1rem;padding-right:0.81rem;padding-bottom:1.1rem;padding-left:0.81rem\">Caracter\u00edsticas del empacado<\/a><\/div>\n<\/div>\n<\/div>\n<\/div>\n<\/div>\n<\/div>\n<\/div>\n<\/section>\n\n\n\n<section class=\"wp-block-group alignfull has-text-color has-global-padding is-layout-constrained wp-container-core-group-is-layout-20 wp-block-group-is-layout-constrained\" style=\"color:#3e3e3e;margin-top:0rem;padding-right:1rem;padding-left:1rem;font-size:clamp(0.875rem, 0.875rem + ((1vw - 0.2rem) * 0.464), 1.13rem);font-style:normal;font-weight:400;line-height:1.5\"><\/section>\n\n\n\n<section class=\"wp-block-cover alignfull is-light\" style=\"margin-top:0px;padding-bottom:12.51rem;min-height:650px;aspect-ratio:unset;\"><span aria-hidden=\"true\" class=\"wp-block-cover__background has-background-dim-0 has-background-dim\" style=\"background-color:#979987\"><\/span><img loading=\"lazy\" decoding=\"async\" width=\"690\" height=\"672\" class=\"wp-block-cover__image-background wp-image-43\" alt=\"\" src=\"https:\/\/alphaaguacates.com\/wp-content\/uploads\/2025\/03\/Captura-de-pantalla-2025-03-13-a-las-2.29.19-p.m.png\" style=\"object-position:55% 0%\" data-object-fit=\"cover\" data-object-position=\"55% 0%\" srcset=\"https:\/\/alphaaguacates.com\/wp-content\/uploads\/2025\/03\/Captura-de-pantalla-2025-03-13-a-las-2.29.19-p.m.png 690w, https:\/\/alphaaguacates.com\/wp-content\/uploads\/2025\/03\/Captura-de-pantalla-2025-03-13-a-las-2.29.19-p.m-300x292.png 300w\" sizes=\"auto, (max-width: 690px) 100vw, 690px\" \/><div class=\"wp-block-cover__inner-container has-global-padding is-layout-constrained wp-container-core-cover-is-layout-2 wp-block-cover-is-layout-constrained\">\n<div class=\"wp-block-group alignfull has-text-color has-global-padding is-layout-constrained wp-container-core-group-is-layout-25 wp-block-group-is-layout-constrained\" style=\"color:#252525;margin-top:0px;padding-top:0rem;padding-right:1rem;padding-bottom:0rem;padding-left:1rem;font-size:clamp(0.875rem, 0.875rem + ((1vw - 0.2rem) * 0.464), 1.13rem);font-style:normal;font-weight:400;line-height:1.4\">\n<div class=\"wp-block-group is-vertical is-content-justification-center is-layout-flex wp-container-core-group-is-layout-24 wp-block-group-is-layout-flex\">\n<div class=\"wp-block-group has-global-padding is-layout-constrained wp-container-core-group-is-layout-23 wp-block-group-is-layout-constrained\">\n<h2 class=\"wp-block-heading has-text-align-center has-text-color has-prata-regular-font-family\" style=\"color:#227d07;margin-bottom:1.11rem;font-size:clamp(1.556rem, 1.556rem + ((1vw - 0.2rem) * 1.916), 2.61rem);font-style:normal;font-weight:400;line-height:1.2\">Cont\u00e1ctanos<\/h2>\n\n\n\n<p class=\"has-text-align-center has-text-color has-work-sans-regular-font-family\" style=\"color:#03081e;margin-top:0rem;font-size:clamp(0.875rem, 0.875rem + ((1vw - 0.2rem) * 0.427), 1.11rem);font-style:normal;font-weight:400;line-height:1.6\">+52 33 1832 4034<\/p>\n\n\n\n<p>Abeja 1230, Comercial Abastos, 44530 Guadalajara, Jal.<\/p>\n\n\n\n<p class=\"has-text-align-center has-text-color has-work-sans-regular-font-family\" style=\"color:#03081e;margin-top:0rem;font-size:clamp(0.875rem, 0.875rem + ((1vw - 0.2rem) * 0.427), 1.11rem);font-style:normal;font-weight:400;line-height:1.6\">Empaque 583<\/p>\n\n\n\n<p><\/p>\n\n\n\n<div class=\"wp-block-group is-vertical is-content-justification-stretch is-layout-flex wp-container-core-group-is-layout-22 wp-block-group-is-layout-flex\" style=\"margin-top:0rem;padding-right:0px;padding-left:0px\">\n<div class=\"wp-block-group has-global-padding is-content-justification-center is-layout-constrained wp-container-core-group-is-layout-21 wp-block-group-is-layout-constrained\" style=\"margin-top:0px\">\n<div class=\"wp-block-buttons is-horizontal is-content-justification-right is-layout-flex wp-container-core-buttons-is-layout-3 wp-block-buttons-is-layout-flex\" style=\"margin-top:2.21rem\">\n<div class=\"wp-block-button has-custom-width wp-block-button__width-100 has-custom-font-size is-style-fill has-work-sans-regular-font-family\" style=\"font-size:clamp(0.875rem, 0.875rem + ((1vw - 0.2rem) * 0.609), 1.21rem);font-style:normal;font-weight:400;line-height:1;text-transform:capitalize\"><a class=\"wp-block-button__link has-text-color has-background has-border-color wp-element-button\" style=\"border-color:#041d55;border-style:solid;border-width:1px;border-radius:2.5rem;color:#227d07;background-color:#ffffff;padding-top:1.1rem;padding-right:0.81rem;padding-bottom:1.1rem;padding-left:0.81rem\">Cotiza ahora<\/a><\/div>\n<\/div>\n<\/div>\n<\/div>\n<\/div>\n<\/div>\n<\/div>\n<\/div><\/section>\n\n\n\n<p><\/p>\n","protected":false},"excerpt":{"rendered":"<p>35% El aguacate contiene un 35% m\u00e1s de potasio que los pl\u00e1tanos, esencial para la salud del coraz\u00f3n y la presi\u00f3n arterial. 10 Con casi 10 gramos de fibra por aguacate, te sentir\u00e1s satisfecho por m\u00e1s tiempo y mejorar\u00e1s tu digesti\u00f3n. 75% De las grasas del aguacate son monoinsaturadas, \u00a1las mejores para tu colesterol y [&hellip;]<\/p>\n","protected":false},"author":1,"featured_media":0,"parent":0,"menu_order":0,"comment_status":"closed","ping_status":"closed","template":"","meta":{"footnotes":""},"class_list":["post-37","page","type-page","status-publish","hentry"],"_links":{"self":[{"href":"https:\/\/alphaaguacates.com\/index.php\/wp-json\/wp\/v2\/pages\/37","targetHints":{"allow":["GET"]}}],"collection":[{"href":"https:\/\/alphaaguacates.com\/index.php\/wp-json\/wp\/v2\/pages"}],"about":[{"href":"https:\/\/alphaaguacates.com\/index.php\/wp-json\/wp\/v2\/types\/page"}],"author":[{"embeddable":true,"href":"https:\/\/alphaaguacates.com\/index.php\/wp-json\/wp\/v2\/users\/1"}],"replies":[{"embeddable":true,"href":"https:\/\/alphaaguacates.com\/index.php\/wp-json\/wp\/v2\/comments?post=37"}],"version-history":[{"count":6,"href":"https:\/\/alphaaguacates.com\/index.php\/wp-json\/wp\/v2\/pages\/37\/revisions"}],"predecessor-version":[{"id":56,"href":"https:\/\/alphaaguacates.com\/index.php\/wp-json\/wp\/v2\/pages\/37\/revisions\/56"}],"wp:attachment":[{"href":"https:\/\/alphaaguacates.com\/index.php\/wp-json\/wp\/v2\/media?parent=37"}],"curies":[{"name":"wp","href":"https:\/\/api.w.org\/{rel}","templated":true}]}}